{"id":1409,"date":"2021-01-17T13:46:54","date_gmt":"2021-01-17T13:46:54","guid":{"rendered":"https:\/\/demo.itfaq.net\/tali\/?page_id=1409"},"modified":"2024-09-25T23:58:32","modified_gmt":"2024-09-25T23:58:32","slug":"rgpd","status":"publish","type":"page","link":"https:\/\/taliconnected.com\/fr\/rgpd\/","title":{"rendered":"POLITIQUE DE COOKIES"},"content":{"rendered":"<!DOCTYPE html PUBLIC \"-\/\/W3C\/\/DTD HTML 4.0 Transitional\/\/EN\" \"http:\/\/www.w3.org\/TR\/REC-html40\/loose.dtd\">\n<html><body><p>\u00a0<\/p>\n<h2>POLITIQUE DE COOKIES<\/h2>\n<p>1\u00e8re mise en ligne le 12 janvier 2021.<\/p>\n<p>Conform\u00e9ment \u00e0 la R\u00e9glementation DP, le directeur de publication du Site vous informe les \u00e9l\u00e9ments suivants.<\/p>\n<p>Lorsque vous consultez le Site, des Donn\u00e9es Personnelles peuvent \u00eatre stock\u00e9es dans le navigateur de l\u2019Utilisateur ou r\u00e9cup\u00e9r\u00e9es \u00e0 partir de celui-ci, g\u00e9n\u00e9ralement sous la forme de Cookies ou traceur. Ces informations peuvent porter sur l\u2019Utilisateur, ses pr\u00e9f\u00e9rences ou son appareil et sont principalement utilis\u00e9es pour s\u2019assurer que le Site fonctionne correctement.<\/p>\n<p>Les d\u00e9veloppements ci-apr\u00e8s repr\u00e9sentent la politique d\u2019utilisation de Cookies (ci-apr\u00e8s \u00ab Politique de Cookies \u00bb).<\/p>\n<p>L\u2019Utilisateur a la possibilit\u00e9 de refuser certains types de Cookies; toutefois, le refus de certains Cookies peut impacter l\u2019exp\u00e9rience de l\u2019Utilisateur sur le Site.<\/p>\n<h2>Article 1. D\u00e9finitions<\/h2>\n<p>Pour l\u2019ex\u00e9cution de la Politique de Cookies, les termes et expressions identifi\u00e9s par une majuscule ont la signification indiqu\u00e9e ci-apr\u00e8s qu\u2019ils soient employ\u00e9s au singulier ou au pluriel.<\/p>\n<ul><li><strong>\u00ab Conditions G\u00e9n\u00e9rales d\u2019Utilisation \u00bb<\/strong> d\u00e9signe les conditions g\u00e9n\u00e9rales d\u2019utilisation accessibles sur le Site.<\/li>\n<li><strong>\u00ab Cookies \u00bb ou \u00ab Traceur \u00bb<\/strong> d\u00e9signe l\u2019ensemble d\u2019informations d\u00e9pos\u00e9es dans le terminal de l\u2019Utilisateur lorsque celui-ci navigue sur le Site et stock\u00e9es sous la forme de fichiers texte de taille limit\u00e9e permettant de reconna\u00eetre l\u2019ordinateur de l\u2019Utilisateur, sa tablette ou son mobile aux fins de personnaliser les services et produits propos\u00e9s sur le Site, d\u2019offrir des fonctionnalit\u00e9s relatives aux m\u00e9dias sociaux et d\u2019analyser le trafic du Site tel qu\u2019indiqu\u00e9 \u00e0 l\u2019article 14 de la Politique.<\/li>\n<li><strong>\u00ab Donn\u00e9es Personnelles \u00bb<\/strong> d\u00e9signe toute donn\u00e9e \u00e0 caract\u00e8re personnel pr\u00e9sentant une information nominative relative \u00e0 une personne identifi\u00e9e ou identifiable en la personne de l\u2019Utilisateur (notamment nom, pr\u00e9nom, civilit\u00e9, date de naissance, \u00e2ge, adresse postale, e-mail, donn\u00e9es bancaires et num\u00e9ro de t\u00e9l\u00e9phone).<\/li>\n<li><strong>\u00ab Politique \u00bb ou \u00ab Politique de confidentialit\u00e9 \u00bb<\/strong> d\u00e9signe la politique de confidentialit\u00e9 de TALI int\u00e9grant l\u2019ensemble des stipulations relatives \u00e0 la protection des donn\u00e9es \u00e0 caract\u00e8re personnel conform\u00e9ment au RGPD et accept\u00e9e par l\u2019Utilisateur.<\/li>\n<li><strong>\u00ab R\u00e9glementation DP \u00bb<\/strong> d\u00e9signe le R\u00e8glement (UE) 2016\/679 du Parlement Europ\u00e9en et du Conseil du 27 avril 2016 relatif \u00e0 la protection de personnes physiques \u00e0 l\u2019\u00e9gard du traitement des Donn\u00e9es Personnelles et \u00e0 la libre circulation de ces donn\u00e9es (ci-apr\u00e8s \u00ab RGPD \u00bb).<\/li>\n<li><strong>\u00ab Site \u00bb<\/strong> d\u00e9signe indistinctement le site internet <a href=\"http:\/\/www.taliconnected.com\" data-link=\"http:\/\/www.taliconnected.com\" data-button=\"LinkPreview\" id=\"1\">www.taliconnected.com<\/a> et <a href=\"http:\/\/www.taliconnected.fr\" data-link=\"http:\/\/www.taliconnected.fr\" data-button=\"LinkPreview\" id=\"2\">www.taliconnected.fr <\/a>disponible via un ordinateur, tablette ou smartphone.<\/li>\n<li><strong>\u00ab TALI \u00bb<\/strong> d\u00e9signe la soci\u00e9t\u00e9 TALI SAS, soci\u00e9t\u00e9 par actions simplifi\u00e9e \u00e0 associ\u00e9 unique au capital de 5.000 \u20ac immatricul\u00e9e au Registre du Commerce et des Soci\u00e9t\u00e9s de Versailles sous le n\u00b0848 557 195 domicili\u00e9 au 3 rue Camille Claudel \u00e0 Buchelay (78200) et ses collaborateurs.<\/li>\n<li><strong>\u00ab Traitement \u00bb<\/strong> d\u00e9signe toute(s) op\u00e9ration(s) ou tout ensemble d\u2019op\u00e9rations effectu\u00e9es ou non \u00e0 l\u2019aide de proc\u00e9d\u00e9s automatis\u00e9s et appliqu\u00e9s \u00e0 des donn\u00e9es ou \u00e0 des ensembles de Donn\u00e9es Personnelles et notamment la collecte, l\u2019enregistrement, la conservation, l\u2019adaptation ou la modification, l\u2019extraction, la consultation, l\u2019utilisation, la communication par transmission, diffusion ou toute autre forme de mise \u00e0 disposition, le rapprochement ou la r\u00e9utilisation ainsi que le verrouillage, l\u2019effacement ou la destruction tel que d\u00e9fini par le RGPD.<\/li>\n<li><strong>\u00ab Utilisateurs \u00bb<\/strong> d\u00e9signe toute personne acc\u00e9dant au Site concern\u00e9e par l\u2019utilisation des Donn\u00e9es Personnelles.<\/li>\n<\/ul><h2>Article 2. Objet de la Politique de Cookies<\/h2>\n<p>TALI peut \u00eatre amen\u00e9 \u00e0 d\u00e9poser, collecter et traiter des Cookies sur le terminal de l\u2019Utilisateur lorsqu\u2019il se connecte et navigue sur le Site.<\/p>\n<p>Le d\u00e9p\u00f4t de Cookies r\u00e9alis\u00e9 dans le cadre de l\u2019utilisation du Site ne permet pas d\u2019identifier l\u2019Utilisateur personnellement mais enregistre des informations relatives \u00e0 sa navigation sur le Site que TALI pourra traiter lors des visites ult\u00e9rieures de l\u2019Utilisateur sur le Site : elles ne conservent donc en m\u00e9moire que le code d\u2019identification du terminal.<\/p>\n<p>La Politique de Cookies a pour objet d\u2019informer l\u2019Utilisateur sur l\u2019existence et l\u2019utilisation de Cookies sur le Site et de r\u00e9pondre aux exigences pos\u00e9es par la loi fran\u00e7aise \u00ab Informatiques et Libert\u00e9s \u00bb tel que modifi\u00e9e par la R\u00e9glementation DP.<\/p>\n<h2>Article 3. Consentement de l\u2019Utilisateur<\/h2>\n<p>Un bandeau d\u2019information s\u2019affiche lors de la premi\u00e8re connexion de l\u2019Utilisateur au Site afin de l\u2019informer pr\u00e9alablement au d\u00e9p\u00f4t de ces Cookies. L\u2019Utilisateur reconnait ainsi avoir \u00e9t\u00e9 valablement inform\u00e9 de :<\/p>\n<ul><li>leur pr\u00e9sence et de leurs finalit\u00e9s pr\u00e9cises<\/li>\n<li>la possibilit\u00e9, le cas \u00e9ch\u00e9ant, de s\u2019opposer \u00e0 leur d\u00e9p\u00f4t sur leur terminal et de changer les param\u00e8tres en cliquant sur un lien pr\u00e9sent dans le bandeau.<\/li>\n<\/ul><p>En cochant le bouton accepter du \u00ab Bandeau Cookies \u00bb lors de sa navigation sur le Site, l\u2019Utilisateur donne son consentement au d\u00e9p\u00f4t de Cookies sur son terminal.<\/p>\n<p>En outre, l\u2019Utilisateur reconnait que la poursuite de sa navigation vaut accord au d\u00e9p\u00f4t des diff\u00e9rents types Cookies sur son terminal tels qu\u2019expos\u00e9s \u00e0 l\u2019Article 6.<\/p>\n<p>L\u2019Utilisateur peut retirer son consentement \u00e0 tout moment et s\u2019opposer \u00e0 l\u2019utilisation des Cookies en param\u00e9trant son navigateur Internet. Toutefois, l\u2019Utilisateur est avis\u00e9 que son refus au d\u00e9p\u00f4t des Cookies est susceptible d\u2019entraver la navigation sur le Site.<\/p>\n<h2>Article 4. Finalit\u00e9<\/h2>\n<p>La collecte et le Traitement des Cookies permet \u00e0 TALI :<\/p>\n<ul><li>d\u2019enregistrer toute information relative \u00e0 sa navigation sur le Site, soit toute information relative aux pages consult\u00e9es et aux dates et heures de consultation du Site<\/li>\n<li>d\u2019\u00e9tablir des statistiques et volumes de fr\u00e9quentation et d\u2019utilisation du Site afin d\u2019am\u00e9liorer son int\u00e9r\u00eat et ergonomie<\/li>\n<li>de reconna\u00eetre le navigateur de tout Utilisateur (ancien visiteur enregistr\u00e9) pour se souvenir de ses usages sur le Site<\/li>\n<li>d\u2019adapter la pr\u00e9sentation de la Plateforme et\/ou du Site aux pr\u00e9f\u00e9rences d\u2019affichage du terminal de l\u2019Utilisateur (notamment la langue utilis\u00e9e, la r\u00e9solution d\u2019affichage et le syst\u00e8me d\u2019exploitation utilis\u00e9) lors de leurs pr\u00e9c\u00e9dentes visites sur le Site.<\/li>\n<\/ul><h2>Article 5. La dur\u00e9e de conservation des Cookies<\/h2>\n<p>La conservation de Cookies n\u2019exc\u00e9dera pas douze (12) mois \u00e0 compter de leur premier d\u00e9p\u00f4t dans le terminal de l\u2019Utilisateur.<\/p>\n<h2>Article 6. Type de Cookies<\/h2>\n<h3>COOKIES TECHNIQUES<\/h3>\n<p>Leur finalit\u00e9 est de permettre et\/ou faciliter la navigation sur le Site.<\/p>\n<ul><li>Cookies d\u2019identification de l\u2019Utilisateur lors de son acc\u00e8s au Site.<\/li>\n<li>Cookies de s\u00e9curit\u00e9 permettent de d\u00e9tecter les abus d\u2019authentification.<\/li>\n<li>Cookies du lecteur de contenu multim\u00e9dia utilis\u00e9s pour stocker des donn\u00e9es techniques afin de lire du contenu vid\u00e9o ou audio pendant la navigation.<\/li>\n<li>Cookies de personnalisation de l\u2019interface Utilisateur permet de conserver les pr\u00e9f\u00e9rences de l\u2019Utilisateur : param\u00e9trage de la langue ou police.<\/li>\n<li>Plug-in de partage de contenu permettant le partage de contenu entre les membres connect\u00e9s \u00e0 un r\u00e9seau social.<\/li>\n<\/ul><h3>COOKIES FONCTIONNELS<\/h3>\n<p>Ne sont pas n\u00e9cessaires pour naviguer sur le Site mais leur utilisation est recommand\u00e9e \u00e0 l\u2019Utilisateur pour am\u00e9liorer son exp\u00e9rience sur le Site.<\/p>\n<ul><li>Cookies de pr\u00e9f\u00e9rences \u00e9vitant \u00e0 l\u2019Utilisateur de saisir ses informations \u00e0 chaque fois qu\u2019il acc\u00e8de au Site.<\/li>\n<li>Cookies de statistiques permettent \u00e0 TALI d\u2019am\u00e9liorer ses services en conservant des renseignements sur les Utilisateurs (ex. 1\u00e8re et derni\u00e8re visite sur le Site, fr\u00e9quence d\u2019acc\u00e8s au Site, heures de connexion, utilisation du Site).<\/li>\n<li>Cookies de marketing conserve les habitudes de navigation de l\u2019Utilisateur.<\/li>\n<li>Cookies d\u2019analyse analyse l\u2019audience sur le Site.<\/li>\n<\/ul><h2>Article 7. Utilisation de Cookies tiers<\/h2>\n<p>Des partenaires ou des r\u00e9gies publicitaires peuvent d\u00e9poser des Cookies de sorte \u00e0 identifier les centres d\u2019int\u00e9r\u00eats des Utilisateurs au travers des produits ou services qu\u2019il consulte sur le Site.<\/p>\n<p>Ils peuvent \u00eatre d\u00e9pos\u00e9s \u00e0 l\u2019occasion de l\u2019utilisation du Site ou d\u2019un site tiers ou lorsque l\u2019Utilisateur clique sur les espaces publicitaires des sites tiers.<\/p>\n<p>TALI se r\u00e9serve le droit d\u2019inclure sur son Site des applications informatiques \u00e9manant de tiers permettant \u00e0 l\u2019Utilisateur de partager avec d\u2019autres personnes des contenus du Site tels que d\u00e9finis dans les Conditions G\u00e9n\u00e9rales d\u2019Utilisation ou son exp\u00e9rience sur le Site directement sur des r\u00e9seau sociaux tels que \u00ab Facebook \u00bb, \u00ab Twitter \u00bb, \u00ab LinkedIn \u00bb, \u00ab Instagram \u00bb etc. et notamment son activit\u00e9 \u00e0 la suite du clic sur l\u2019un des boutons suivants \u00ab Partager \u00bb ou \u00ab J\u2019aime \u00bb.<\/p>\n<p>Le r\u00e9seau social fournissant un tel bouton applicatif est susceptible de vous identifier gr\u00e2ce \u00e0 ce bouton m\u00eame si vous n\u2019avez pas utilis\u00e9 ce bouton lors de votre consultation du Site d\u00e8s lors que ce bouton peut permettre au r\u00e9seau social concern\u00e9 de suivre votre navigation sur le Site du seul fait que le compte du r\u00e9seau social concern\u00e9 de l\u2019Utilisateur \u00e9tait actif sur son terminal (session ouverte) durant sa navigation sur le Site.<\/p>\n<p>TALI n\u2019a aucun contr\u00f4le sur le processus employ\u00e9 par les r\u00e9seaux sociaux pour collecter des informations relatives \u00e0 la navigation de l\u2019Utilisateur sur le Site.<\/p>\n<p>TALI invite l\u2019Utilisateur \u00e0 consulter les politiques de protection de la vie priv\u00e9e de ces r\u00e9seaux sociaux afin de prendre connaissance des finalit\u00e9s d\u2019utilisation de leur propre politique de cookies. Ces politiques de protection doivent notamment vous permettre d\u2019exercer vos choix et droits aupr\u00e8s de ces r\u00e9seaux sociaux.<\/p>\n<h2>Article 8. Param\u00e9trage des Cookies<\/h2>\n<p>L\u2019Utilisateur est inform\u00e9 que le param\u00e9trage des Cookies varie en fonction des navigateurs. A titre indicatif, l\u2019Utilisateur peut suivre les proc\u00e9dures d\u00e9crites ci-apr\u00e8s (NB : les termes peuvent varier en fonction des mises \u00e0 jour propres \u00e0 chaque navigateur) :<\/p>\n<h3>Internet Explorer<\/h3>\n<p>Dans le menu Internet Explorer, l\u2019Utilisateur :<\/p>\n<ul><li>clic sur le menu \u00ab Options Internet \u00bb<\/li>\n<li>s\u00e9lectionne l\u2019onglet \u00ab Confidentialit\u00e9 \u00bb<\/li>\n<li>choisit entre les diff\u00e9rents niveaux de param\u00e9trage propos\u00e9s<\/li>\n<li>param\u00e8tre sp\u00e9cifiquement certains sites. Ex. pour bloquer les Cookies du Site, l\u2019Utilisateur devra :<\/li>\n<li>inscrire le lien www.taliconnected.com et\/ou www.taliconnected.fr et cliquer sur \u00ab Refuser \u00bb.<\/li>\n<\/ul><p>Les manipulations \u00e0 effectuer sont pr\u00e9cis\u00e9es via le lien suivant : <a href=\"https:\/\/support.microsoft.com\/fr-fr\/help\/4027947\/windows-delete-cookies\" data-link=\"https:\/\/support.microsoft.com\/fr-fr\/help\/4027947\/windows-delete-cookies\" data-button=\"LinkPreview\" id=\"3\">https:\/\/support.microsoft.com\/fr-fr\/help\/4027947\/windows-delete-cookies<\/a>.<\/p>\n<h3>Mozilla Firefox<\/h3>\n<p>Dans le menu Mozilla Firefox, l\u2019Utilisateur :<\/p>\n<ul><li>clic sur le bouton \u00ab Blocage de contenu \u00bb puis l\u2019option \u00ab Vie Priv\u00e9e et S\u00e9curit\u00e9 \u00bb.<\/li>\n<li>d\u00e9coche l\u2019option \u00ab Standard \u00bb<\/li>\n<li>choisit l\u2019option \u00ab Personnalis\u00e9 \u00bb et coche la case \u00ab Cookies \u00bb<\/li>\n<li>s\u00e9lectionne l\u2019option d\u00e9sir\u00e9e dans le menu d\u00e9roulant. L\u2019option \u00ab Traqueurs tiers \u00bb bloque toutes les cookies; l\u2019option \u00ab Personnalis\u00e9 \u00bb permet de bloquer certains types de cookies.<\/li>\n<\/ul><p>Les manipulations \u00e0 effectuer sont pr\u00e9cis\u00e9es via le lien suivant : <a href=\"https:\/\/support.mozilla.org\/fr\/kb\/activer-desactiver-cookies-preferences\" data-link=\"https:\/\/support.mozilla.org\/fr\/kb\/activer-desactiver-cookies-preferences\" data-button=\"LinkPreview\" id=\"4\">https:\/\/support.mozilla.org\/fr\/kb\/activer-desactiver-cookies-preferences<\/a>.<\/p>\n<h3>Google Chrome<\/h3>\n<p>Dans le menu Chrome, l\u2019Utilisateur :<\/p>\n<ul><li>s\u00e9lectionne l\u2019onglet \u00ab Pr\u00e9f\u00e9rences \u00bb puis \u00ab Param\u00e8tres \u00bb<\/li>\n<li>coche la case \u00ab Param\u00e8tres avanc\u00e9s \u00bb en bas de page<\/li>\n<li>se positionne sur la case \u00ab Confidentialit\u00e9 \u00bb du menu, ensuite \u00ab Param\u00e8tres du site \u00bb puis \u00ab Cookies et donn\u00e9es de site \u00bb<\/li>\n<li>plusieurs options sont propos\u00e9es \u00e0 l\u2019Utilisateur en fonction de sa volont\u00e9 :<\/li>\n<li>l\u2019option \u00ab Bloquer les cookies tiers \u2013 Emp\u00eacher les sites Web tiers d\u2019enregistrer et de lire les donn\u00e9es des cookies \u00bb. Dans ce cas, les Cookies de l\u2019ensemble des sites visit\u00e9s sont bloqu\u00e9s et les donn\u00e9es locales sont conserv\u00e9es jusqu\u2019\u00e0 ce que l\u2019Utilisateur quitte sa session de navigation.<\/li>\n<li>l\u2019option \u00ab Autoriser les sites \u00e0 enregistrer et lire les donn\u00e9es des cookies (recommand\u00e9) \u00bb.<\/li>\n<li>l\u2019Utilisateur peut param\u00e9trer sp\u00e9cifiquement certains sites. Ex. l\u2019Utilisateur devra ajouter sur l\u2019onglet \u00ab Bloquer \u00bb les Cookies du site le lien www.taliconnected.com et cliquer sur le bouton \u00ab Ajouter \u00bb.<\/li>\n<\/ul><p>Les manipulations \u00e0 effectuer sont pr\u00e9cis\u00e9es via le lien suivant : <a href=\"https:\/\/support.google.com\/chrome\/answer\/95647?hl=fr\" data-link=\"https:\/\/support.google.com\/chrome\/answer\/95647?hl=fr\" data-button=\"LinkPreview\" id=\"5\">https:\/\/support.google.com\/chrome\/answer\/95647?hl=fr<\/a>.<\/p>\n<h2>Article 9. Modification de la Politique de Cookies<\/h2>\n<p>La Politique de Cookies peut \u00eatre modifi\u00e9e ou am\u00e9nag\u00e9e \u00e0 tout moment en cas d\u2019\u00e9volution r\u00e9glementaire, l\u00e9gale, jurisprudentielle, des d\u00e9cisions et recommandations de la CNIL ou des usages.<\/p>\n<p>Toute nouvelle version de la Politique de Cookies sera port\u00e9e \u00e0 la connaissance des utilisateurs en ligne en substituant la nouvelle version de la politique \u00e0 la version pr\u00e9c\u00e9dente.<\/p>\n<h2>Article 10. Plus d\u2019informations au sujet des Cookies<\/h2>\n<p>TALI conseille vivement ses Utilisateurs de prendre connaissance des guides publi\u00e9s par la CNIL portant sur les Cookies :<\/p>\n<ul><li><a href=\"https:\/\/www.cnil.fr\/fr\/cookies-les-outils-pour-les-maitriser\" data-link=\"https:\/\/www.cnil.fr\/fr\/cookies-les-outils-pour-les-maitriser\" data-button=\"LinkPreview\" id=\"6\">https:\/\/www.cnil.fr\/fr\/cookies-les-outils-pour-les-maitriser<\/a><\/li>\n<li><a href=\"https:\/\/www.cnil.fr\/fr\/cookies-et-autres-traceurs\" data-link=\"https:\/\/www.cnil.fr\/fr\/cookies-et-autres-traceurs\" data-button=\"LinkPreview\" id=\"7\">https:\/\/www.cnil.fr\/fr\/cookies-et-autres-traceurs<\/a><\/li>\n<\/ul><h2>Article 11. Contact<\/h2>\n<p>Pour toute question relative \u00e0 la Politique de Cookies, l\u2019Utilisateur peut contacter TALI :<\/p>\n<ul><li>\u00e0 l\u2019adresse de son si\u00e8ge social : TALI SAS, 3 rue Camille Claudel \u00e0 Buchelay (78200)<\/li>\n<li>par courriel \u00e0 l\u2019adresse suivante : <a href=\"mailto:hello@taliconnected.com\" data-link=\"mailto:hello@taliconnected.com\" data-button=\"LinkPreview\" id=\"8\">hello@taliconnected.com<\/a><\/li>\n<\/ul><\/body><\/html>\n","protected":false},"excerpt":{"rendered":"<p>\u00a0 POLITIQUE DE COOKIES 1\u00e8re mise en ligne le 12 janvier 2021. Conform\u00e9ment \u00e0 la R\u00e9glementation DP, le directeur de publication du Site vous informe les \u00e9l\u00e9ments suivants. Lorsque vous consultez le Site, des Donn\u00e9es Personnelles peuvent \u00eatre stock\u00e9es dans le navigateur de l\u2019Utilisateur ou r\u00e9cup\u00e9r\u00e9es \u00e0 partir de celui-ci, g\u00e9n\u00e9ralement sous la forme de [&hellip;]<\/p>\n","protected":false},"author":10,"featured_media":318,"parent":0,"menu_order":0,"comment_status":"closed","ping_status":"closed","template":"","meta":{"inline_featured_image":false,"footnotes":""},"class_list":["post-1409","page","type-page","status-publish","has-post-thumbnail","hentry"],"_links":{"self":[{"href":"https:\/\/taliconnected.com\/fr\/wp-json\/wp\/v2\/pages\/1409"}],"collection":[{"href":"https:\/\/taliconnected.com\/fr\/wp-json\/wp\/v2\/pages"}],"about":[{"href":"https:\/\/taliconnected.com\/fr\/wp-json\/wp\/v2\/types\/page"}],"author":[{"embeddable":true,"href":"https:\/\/taliconnected.com\/fr\/wp-json\/wp\/v2\/users\/10"}],"replies":[{"embeddable":true,"href":"https:\/\/taliconnected.com\/fr\/wp-json\/wp\/v2\/comments?post=1409"}],"version-history":[{"count":6,"href":"https:\/\/taliconnected.com\/fr\/wp-json\/wp\/v2\/pages\/1409\/revisions"}],"predecessor-version":[{"id":40863,"href":"https:\/\/taliconnected.com\/fr\/wp-json\/wp\/v2\/pages\/1409\/revisions\/40863"}],"wp:featuredmedia":[{"embeddable":true,"href":"https:\/\/taliconnected.com\/fr\/wp-json\/wp\/v2\/media\/318"}],"wp:attachment":[{"href":"https:\/\/taliconnected.com\/fr\/wp-json\/wp\/v2\/media?parent=1409"}],"curies":[{"name":"wp","href":"https:\/\/api.w.org\/{rel}","templated":true}]}}